{"id":61,"date":"2023-01-10T10:30:47","date_gmt":"2023-01-10T10:30:47","guid":{"rendered":"https:\/\/natuerlich.raffiniert.ch\/?page_id=61"},"modified":"2023-01-17T19:23:24","modified_gmt":"2023-01-17T19:23:24","slug":"fachinformationen","status":"publish","type":"page","link":"https:\/\/natuerlich.raffiniert.ch\/?page_id=61","title":{"rendered":"Informationen"},"content":{"rendered":"\n<h2>Allgemeine Infos zum Happy-Bat<\/h2>\n\n\n\n<p>Das Happy-Bat wird aus unbehandeltem Fichtenholz hergestellt. Dank der gefr\u00e4sten Nuten am Flugbrett k\u00f6nnen sich die Flederm\u00e4use gut festklammern.<\/p>\n\n\n\n<p>Die Eingangs\u00f6ffnung ist so schmal, dass die Tiere keinen unerw\u00fcnschten Besuch von V\u00f6geln erhalten.<\/p>\n\n\n\n<p>Der Raum nach oben hin ist verj\u00fcngt, so findet jede Fledermaus ihren idealen Platz.<\/p>\n\n\n\n<h2>Masse ohne Befestigungsleiste<\/h2>\n\n\n\n<p>H\u00f6he            47 cm<\/p>\n\n\n\n<p>Breite           31 cm<\/p>\n\n\n\n<p>Tiefe             13 cm<\/p>\n\n\n\n<p>Gewicht     2.6 kg<\/p>\n","protected":false},"excerpt":{"rendered":"<p>Allgemeine Infos zum Happy-Bat Das Happy-Bat wird aus unbehandeltem Fichtenholz hergestellt. Dank der gefr\u00e4sten Nuten am Flugbrett k\u00f6nnen sich die Flederm\u00e4use gut festklammern. Die Eingangs\u00f6ffnung ist so schmal, dass die Tiere keinen unerw\u00fcnschten Besuch von V\u00f6geln erhalten. Der Raum nach oben hin ist verj\u00fcngt, so findet jede Fledermaus ihren idealen Platz. Masse ohne Befestigungsleiste H\u00f6he &hellip; <\/p>\n<p class=\"link-more\"><a href=\"https:\/\/natuerlich.raffiniert.ch\/?page_id=61\" class=\"more-link\"><span class=\"screen-reader-text\">\u201eInformationen\u201c<\/span> weiterlesen<\/a><\/p>\n","protected":false},"author":1,"featured_media":0,"parent":0,"menu_order":2,"comment_status":"closed","ping_status":"closed","template":"","meta":[],"_links":{"self":[{"href":"https:\/\/natuerlich.raffiniert.ch\/index.php?rest_route=\/wp\/v2\/pages\/61"}],"collection":[{"href":"https:\/\/natuerlich.raffiniert.ch\/index.php?rest_route=\/wp\/v2\/pages"}],"about":[{"href":"https:\/\/natuerlich.raffiniert.ch\/index.php?rest_route=\/wp\/v2\/types\/page"}],"author":[{"embeddable":true,"href":"https:\/\/natuerlich.raffiniert.ch\/index.php?rest_route=\/wp\/v2\/users\/1"}],"replies":[{"embeddable":true,"href":"https:\/\/natuerlich.raffiniert.ch\/index.php?rest_route=%2Fwp%2Fv2%2Fcomments&post=61"}],"version-history":[{"count":3,"href":"https:\/\/natuerlich.raffiniert.ch\/index.php?rest_route=\/wp\/v2\/pages\/61\/revisions"}],"predecessor-version":[{"id":129,"href":"https:\/\/natuerlich.raffiniert.ch\/index.php?rest_route=\/wp\/v2\/pages\/61\/revisions\/129"}],"wp:attachment":[{"href":"https:\/\/natuerlich.raffiniert.ch\/index.php?rest_route=%2Fwp%2Fv2%2Fmedia&parent=61"}],"curies":[{"name":"wp","href":"https:\/\/api.w.org\/{rel}","templated":true}]}}