{"id":35,"date":"2023-01-04T10:09:31","date_gmt":"2023-01-04T10:09:31","guid":{"rendered":"https:\/\/natuerlich.raffiniert.ch\/?page_id=35"},"modified":"2023-01-17T19:44:02","modified_gmt":"2023-01-17T19:44:02","slug":"links","status":"publish","type":"page","link":"https:\/\/natuerlich.raffiniert.ch\/?page_id=35","title":{"rendered":"Links"},"content":{"rendered":"\n<p>Wie sch\u00f6n, dass es so viele tolle Menschen in unserer n\u00e4chsten Umgebung gibt, die sich mit ihren Ideen f\u00fcr eine gute Sache einsetzen. Schnuppern Sie einfach einmal auf deren Webseiten kreative Luft ein.<\/p>\n\n\n\n<div class=\"is-layout-flex wp-container-4 wp-block-columns\">\n<div class=\"is-layout-flow wp-block-column\" style=\"flex-basis:33.33%\">\n<p>  <a rel=\"noreferrer noopener\" href=\"http:\/\/www.diekraeuterei.ch\" data-type=\"URL\" data-id=\"www.diekraeuterei.ch\" target=\"_blank\">www.diekraeuterei.ch<\/a>       <\/p>\n\n\n\n<figure class=\"wp-block-image size-full\"><img decoding=\"async\" loading=\"lazy\" width=\"209\" height=\"203\" src=\"http:\/\/natuerlich.raffiniert.ch\/wp-content\/uploads\/2023\/01\/Bildschirmfoto-2023-01-17-um-14.42.53.png\" alt=\"\" class=\"wp-image-100\"\/><\/figure>\n<\/div>\n\n\n\n<div class=\"is-layout-flow wp-block-column\" style=\"flex-basis:33.33%\">\n<p>  <a rel=\"noreferrer noopener\" href=\"http:\/\/www.naturwurm.ch\" data-type=\"URL\" data-id=\"www.naturwurm.ch\" target=\"_blank\">www.naturwurm.ch<\/a><\/p>\n\n\n\n<figure class=\"wp-block-image size-full is-resized\"><img decoding=\"async\" loading=\"lazy\" src=\"http:\/\/natuerlich.raffiniert.ch\/wp-content\/uploads\/2023\/01\/Bildschirmfoto-2023-01-17-um-14.44.52.png\" alt=\"\" class=\"wp-image-101\" width=\"203\" height=\"192\" srcset=\"https:\/\/natuerlich.raffiniert.ch\/wp-content\/uploads\/2023\/01\/Bildschirmfoto-2023-01-17-um-14.44.52.png 345w, https:\/\/natuerlich.raffiniert.ch\/wp-content\/uploads\/2023\/01\/Bildschirmfoto-2023-01-17-um-14.44.52-300x285.png 300w\" sizes=\"(max-width: 203px) 100vw, 203px\" \/><\/figure>\n<\/div>\n\n\n\n<div class=\"is-layout-flow wp-block-column\" style=\"flex-basis:33.33%\">\n<p> <a rel=\"noreferrer noopener\" href=\"http:\/\/www.raffiniert.ch\" data-type=\"URL\" data-id=\"www.raffiniert.ch\" target=\"_blank\">www.raffiniert.ch<\/a><\/p>\n\n\n\n<figure class=\"wp-block-image size-full\"><img decoding=\"async\" loading=\"lazy\" width=\"333\" height=\"334\" src=\"https:\/\/natuerlich.raffiniert.ch\/wp-content\/uploads\/2023\/01\/Formenbau-Graf-Logo-1.jpg\" alt=\"\" class=\"wp-image-115\" srcset=\"https:\/\/natuerlich.raffiniert.ch\/wp-content\/uploads\/2023\/01\/Formenbau-Graf-Logo-1.jpg 333w, https:\/\/natuerlich.raffiniert.ch\/wp-content\/uploads\/2023\/01\/Formenbau-Graf-Logo-1-300x300.jpg 300w, https:\/\/natuerlich.raffiniert.ch\/wp-content\/uploads\/2023\/01\/Formenbau-Graf-Logo-1-150x150.jpg 150w, https:\/\/natuerlich.raffiniert.ch\/wp-content\/uploads\/2023\/01\/Formenbau-Graf-Logo-1-100x100.jpg 100w\" sizes=\"(max-width: 333px) 100vw, 333px\" \/><\/figure>\n<\/div>\n<\/div>\n","protected":false},"excerpt":{"rendered":"<p>Wie sch\u00f6n, dass es so viele tolle Menschen in unserer n\u00e4chsten Umgebung gibt, die sich mit ihren Ideen f\u00fcr eine gute Sache einsetzen. Schnuppern Sie einfach einmal auf deren Webseiten kreative Luft ein. www.diekraeuterei.ch www.naturwurm.ch www.raffiniert.ch<\/p>\n","protected":false},"author":1,"featured_media":0,"parent":0,"menu_order":3,"comment_status":"closed","ping_status":"closed","template":"","meta":[],"_links":{"self":[{"href":"https:\/\/natuerlich.raffiniert.ch\/index.php?rest_route=\/wp\/v2\/pages\/35"}],"collection":[{"href":"https:\/\/natuerlich.raffiniert.ch\/index.php?rest_route=\/wp\/v2\/pages"}],"about":[{"href":"https:\/\/natuerlich.raffiniert.ch\/index.php?rest_route=\/wp\/v2\/types\/page"}],"author":[{"embeddable":true,"href":"https:\/\/natuerlich.raffiniert.ch\/index.php?rest_route=\/wp\/v2\/users\/1"}],"replies":[{"embeddable":true,"href":"https:\/\/natuerlich.raffiniert.ch\/index.php?rest_route=%2Fwp%2Fv2%2Fcomments&post=35"}],"version-history":[{"count":5,"href":"https:\/\/natuerlich.raffiniert.ch\/index.php?rest_route=\/wp\/v2\/pages\/35\/revisions"}],"predecessor-version":[{"id":116,"href":"https:\/\/natuerlich.raffiniert.ch\/index.php?rest_route=\/wp\/v2\/pages\/35\/revisions\/116"}],"wp:attachment":[{"href":"https:\/\/natuerlich.raffiniert.ch\/index.php?rest_route=%2Fwp%2Fv2%2Fmedia&parent=35"}],"curies":[{"name":"wp","href":"https:\/\/api.w.org\/{rel}","templated":true}]}}