{"id":33,"date":"2023-01-04T10:09:31","date_gmt":"2023-01-04T10:09:31","guid":{"rendered":"https:\/\/natuerlich.raffiniert.ch\/?page_id=33"},"modified":"2023-01-17T19:38:27","modified_gmt":"2023-01-17T19:38:27","slug":"kontakt","status":"publish","type":"page","link":"https:\/\/natuerlich.raffiniert.ch\/?page_id=33","title":{"rendered":"Kontakt"},"content":{"rendered":"\n<p>Bestellungen und Fragen an:<\/p>\n\n\n\n<p>Familie Graf<\/p>\n\n\n\n<p>9035 Grub AR<\/p>\n\n\n\n<p>071 333 47 78<\/p>\n\n\n\n<figure class=\"is-layout-flex wp-block-gallery-1 wp-block-gallery has-nested-images columns-default is-cropped\">\n<figure class=\"wp-block-image size-large is-style-rounded\"><img decoding=\"async\" loading=\"lazy\" width=\"1024\" height=\"768\" data-id=\"74\"  src=\"https:\/\/natuerlich.raffiniert.ch\/wp-content\/uploads\/2023\/01\/Familienfoto-1-1024x768.jpg\" alt=\"\" class=\"wp-image-74\" srcset=\"https:\/\/natuerlich.raffiniert.ch\/wp-content\/uploads\/2023\/01\/Familienfoto-1-1024x768.jpg 1024w, https:\/\/natuerlich.raffiniert.ch\/wp-content\/uploads\/2023\/01\/Familienfoto-1-300x225.jpg 300w, https:\/\/natuerlich.raffiniert.ch\/wp-content\/uploads\/2023\/01\/Familienfoto-1-768x576.jpg 768w, https:\/\/natuerlich.raffiniert.ch\/wp-content\/uploads\/2023\/01\/Familienfoto-1-1536x1152.jpg 1536w, https:\/\/natuerlich.raffiniert.ch\/wp-content\/uploads\/2023\/01\/Familienfoto-1-2048x1536.jpg 2048w\" sizes=\"(max-width: 767px) 89vw, (max-width: 1000px) 54vw, (max-width: 1071px) 543px, 580px\" \/><\/figure>\n<\/figure>\n\n\n\n<h2>Mitarbeiter*innen in unserem Familienunternehmen<\/h2>\n\n\n\n<p>Links:  Werkfan und Holzwurm, 13 Jahre<\/p>\n\n\n\n<p>2. von links: Tier- und Pflanzenfreundin, Mama <\/p>\n\n\n\n<p>Mitte: kleinste Helferin und Tiern\u00e4rrin, 8 Jahre<\/p>\n\n\n\n<p>2. von rechts: Montage und Qualit\u00e4tskontrolle, 10 Jahre alt<\/p>\n\n\n\n<p>Rechts: Werkstattleiter und Maschinenf\u00fchrer, Papa <\/p>\n","protected":false},"excerpt":{"rendered":"<p>Bestellungen und Fragen an: Familie Graf 9035 Grub AR 071 333 47 78 Mitarbeiter*innen in unserem Familienunternehmen Links: Werkfan und Holzwurm, 13 Jahre 2. von links: Tier- und Pflanzenfreundin, Mama Mitte: kleinste Helferin und Tiern\u00e4rrin, 8 Jahre 2. von rechts: Montage und Qualit\u00e4tskontrolle, 10 Jahre alt Rechts: Werkstattleiter und Maschinenf\u00fchrer, Papa<\/p>\n","protected":false},"author":1,"featured_media":0,"parent":0,"menu_order":4,"comment_status":"closed","ping_status":"closed","template":"","meta":[],"_links":{"self":[{"href":"https:\/\/natuerlich.raffiniert.ch\/index.php?rest_route=\/wp\/v2\/pages\/33"}],"collection":[{"href":"https:\/\/natuerlich.raffiniert.ch\/index.php?rest_route=\/wp\/v2\/pages"}],"about":[{"href":"https:\/\/natuerlich.raffiniert.ch\/index.php?rest_route=\/wp\/v2\/types\/page"}],"author":[{"embeddable":true,"href":"https:\/\/natuerlich.raffiniert.ch\/index.php?rest_route=\/wp\/v2\/users\/1"}],"replies":[{"embeddable":true,"href":"https:\/\/natuerlich.raffiniert.ch\/index.php?rest_route=%2Fwp%2Fv2%2Fcomments&post=33"}],"version-history":[{"count":7,"href":"https:\/\/natuerlich.raffiniert.ch\/index.php?rest_route=\/wp\/v2\/pages\/33\/revisions"}],"predecessor-version":[{"id":146,"href":"https:\/\/natuerlich.raffiniert.ch\/index.php?rest_route=\/wp\/v2\/pages\/33\/revisions\/146"}],"wp:attachment":[{"href":"https:\/\/natuerlich.raffiniert.ch\/index.php?rest_route=%2Fwp%2Fv2%2Fmedia&parent=33"}],"curies":[{"name":"wp","href":"https:\/\/api.w.org\/{rel}","templated":true}]}}