{"id":31,"date":"2023-01-04T10:09:31","date_gmt":"2023-01-04T10:09:31","guid":{"rendered":"https:\/\/natuerlich.raffiniert.ch\/?page_id=31"},"modified":"2023-01-17T19:39:51","modified_gmt":"2023-01-17T19:39:51","slug":"startseite","status":"publish","type":"page","link":"https:\/\/natuerlich.raffiniert.ch\/","title":{"rendered":"Startseite"},"content":{"rendered":"\n<blockquote class=\"wp-block-quote\">\n<p>NAT\u00dcRLICH RAFFINIERT &#8211; HERZLICH WILLKOMMEN<\/p>\n\n\n\n<figure class=\"is-layout-flex wp-block-gallery-1 wp-block-gallery has-nested-images columns-default is-cropped\">\n<figure class=\"wp-block-image size-large is-style-rounded\"><img decoding=\"async\" loading=\"lazy\" width=\"1024\" height=\"683\" src=\"https:\/\/natuerlich.raffiniert.ch\/wp-content\/uploads\/2023\/01\/DSC_0002-6-1024x683.jpg\" alt=\"\" class=\"wp-image-92\" srcset=\"https:\/\/natuerlich.raffiniert.ch\/wp-content\/uploads\/2023\/01\/DSC_0002-6-1024x683.jpg 1024w, https:\/\/natuerlich.raffiniert.ch\/wp-content\/uploads\/2023\/01\/DSC_0002-6-300x200.jpg 300w, https:\/\/natuerlich.raffiniert.ch\/wp-content\/uploads\/2023\/01\/DSC_0002-6-768x512.jpg 768w, https:\/\/natuerlich.raffiniert.ch\/wp-content\/uploads\/2023\/01\/DSC_0002-6-1536x1024.jpg 1536w, https:\/\/natuerlich.raffiniert.ch\/wp-content\/uploads\/2023\/01\/DSC_0002-6-2048x1365.jpg 2048w\" sizes=\"(max-width: 767px) 89vw, (max-width: 1000px) 54vw, (max-width: 1071px) 543px, 580px\" \/><\/figure>\n<\/figure>\n<\/blockquote>\n\n\n\n<p>Sie wollen als Natur- und Tierliebhaber\/in in Ihrer n\u00e4chsten Umgebung zur Steigerung der Artenvielfalt beitragen und sind auf der Suche nach dem passenden Unterschlupf f\u00fcr Flederm\u00e4use?<\/p>\n\n\n\n<p>Wir bieten Ihnen mit unseren Fledermausk\u00e4sten aus Fichtenholz die passende L\u00f6sung. Der Schriftzug und die eingravierte Fledermaus machen das Happy-Bat zu einem ganz besonderen Hingucker. <\/p>\n\n\n\n<p>Sie m\u00f6chten ein einzigartiges Exemplar? Gerne gehen wir auf Ihre individuellen W\u00fcnsche ein. Lassen Sie sich in unserer <a href=\"https:\/\/natuerlich.raffiniert.ch\/?page_id=32\" data-type=\"page\" data-id=\"32\">Gallerie<\/a> inspirieren.<\/p>\n","protected":false},"excerpt":{"rendered":"<p>Sie wollen als Natur- und Tierliebhaber\/in in Ihrer n\u00e4chsten Umgebung zur Steigerung der Artenvielfalt beitragen und sind auf der Suche nach dem passenden Unterschlupf f\u00fcr Flederm\u00e4use? Wir bieten Ihnen mit unseren Fledermausk\u00e4sten aus Fichtenholz die passende L\u00f6sung. Der Schriftzug und die eingravierte Fledermaus machen das Happy-Bat zu einem ganz besonderen Hingucker. Sie m\u00f6chten ein einzigartiges &hellip; <\/p>\n<p class=\"link-more\"><a href=\"https:\/\/natuerlich.raffiniert.ch\/\" class=\"more-link\"><span class=\"screen-reader-text\">\u201eStartseite\u201c<\/span> weiterlesen<\/a><\/p>\n","protected":false},"author":1,"featured_media":0,"parent":0,"menu_order":0,"comment_status":"closed","ping_status":"closed","template":"","meta":[],"_links":{"self":[{"href":"https:\/\/natuerlich.raffiniert.ch\/index.php?rest_route=\/wp\/v2\/pages\/31"}],"collection":[{"href":"https:\/\/natuerlich.raffiniert.ch\/index.php?rest_route=\/wp\/v2\/pages"}],"about":[{"href":"https:\/\/natuerlich.raffiniert.ch\/index.php?rest_route=\/wp\/v2\/types\/page"}],"author":[{"embeddable":true,"href":"https:\/\/natuerlich.raffiniert.ch\/index.php?rest_route=\/wp\/v2\/users\/1"}],"replies":[{"embeddable":true,"href":"https:\/\/natuerlich.raffiniert.ch\/index.php?rest_route=%2Fwp%2Fv2%2Fcomments&post=31"}],"version-history":[{"count":13,"href":"https:\/\/natuerlich.raffiniert.ch\/index.php?rest_route=\/wp\/v2\/pages\/31\/revisions"}],"predecessor-version":[{"id":147,"href":"https:\/\/natuerlich.raffiniert.ch\/index.php?rest_route=\/wp\/v2\/pages\/31\/revisions\/147"}],"wp:attachment":[{"href":"https:\/\/natuerlich.raffiniert.ch\/index.php?rest_route=%2Fwp%2Fv2%2Fmedia&parent=31"}],"curies":[{"name":"wp","href":"https:\/\/api.w.org\/{rel}","templated":true}]}}